{"id":1675,"date":"2026-03-07T22:33:18","date_gmt":"2026-03-07T22:33:18","guid":{"rendered":"https:\/\/jaguartserenity.com\/?page_id=1675"},"modified":"2026-03-07T22:47:32","modified_gmt":"2026-03-07T22:47:32","slug":"metodo-referente","status":"publish","type":"page","link":"https:\/\/jaguartserenity.com\/es\/metodo-referente\/","title":{"rendered":"M\u00e9todo Referente"},"content":{"rendered":"\t\t<div data-elementor-type=\"wp-page\" data-elementor-id=\"1675\" class=\"elementor elementor-1675\" data-elementor-post-type=\"page\">\n\t\t\t\t\t\t<section class=\"elementor-section elementor-top-section elementor-element elementor-element-4a493752 elementor-section-boxed elementor-section-height-default elementor-section-height-default\" data-id=\"4a493752\" data-element_type=\"section\" data-e-type=\"section\" data-settings=\"{&quot;background_background&quot;:&quot;classic&quot;}\">\n\t\t\t\t\t\t<div class=\"elementor-container elementor-column-gap-no\">\n\t\t\t\t\t<div class=\"elementor-column elementor-col-50 elementor-top-column elementor-element elementor-element-b027552\" data-id=\"b027552\" data-element_type=\"column\" data-e-type=\"column\">\n\t\t\t<div class=\"elementor-widget-wrap elementor-element-populated\">\n\t\t\t\t\t\t<div class=\"elementor-element elementor-element-20bbd05 animated-slow elementor-absolute elementor-invisible elementor-widget elementor-widget-image\" data-id=\"20bbd05\" data-element_type=\"widget\" data-e-type=\"widget\" data-settings=\"{&quot;_animation&quot;:&quot;fadeIn&quot;,&quot;_animation_delay&quot;:&quot;200&quot;,&quot;_position&quot;:&quot;absolute&quot;}\" data-widget_type=\"image.default\">\n\t\t\t\t\t\t\t\t\t\t\t\t\t\t\t<img decoding=\"async\" width=\"195\" height=\"246\" src=\"https:\/\/jaguartserenity.com\/wp-content\/uploads\/2025\/10\/Ornamen-star-1.png\" class=\"attachment-full size-full wp-image-124\" alt=\"\" \/>\t\t\t\t\t\t\t\t\t\t\t\t\t\t\t<\/div>\n\t\t\t\t<div class=\"elementor-element elementor-element-7481a09d animated-slow elementor-invisible elementor-widget elementor-widget-heading\" data-id=\"7481a09d\" data-element_type=\"widget\" data-e-type=\"widget\" data-settings=\"{&quot;_animation&quot;:&quot;fadeInLeft&quot;}\" data-widget_type=\"heading.default\">\n\t\t\t\t\t<h2 class=\"elementor-heading-title elementor-size-default\">M\u00c9TODO REFERENTE\n<\/h2>\t\t\t\t<\/div>\n\t\t\t\t<div class=\"elementor-element elementor-element-4dc5ac2d animated-slow elementor-widget-mobile__width-auto elementor-absolute elementor-invisible elementor-widget elementor-widget-image\" data-id=\"4dc5ac2d\" data-element_type=\"widget\" data-e-type=\"widget\" data-settings=\"{&quot;_animation&quot;:&quot;fadeIn&quot;,&quot;_animation_delay&quot;:&quot;200&quot;,&quot;_position&quot;:&quot;absolute&quot;}\" data-widget_type=\"image.default\">\n\t\t\t\t\t\t\t\t\t\t\t\t\t\t\t<img decoding=\"async\" width=\"155\" height=\"159\" src=\"https:\/\/jaguartserenity.com\/wp-content\/uploads\/2025\/10\/Ornamen-star-2.png\" class=\"attachment-full size-full wp-image-125\" alt=\"\" \/>\t\t\t\t\t\t\t\t\t\t\t\t\t\t\t<\/div>\n\t\t\t\t<div class=\"elementor-element elementor-element-75cb970c animated-slow elementor-invisible elementor-widget elementor-widget-text-editor\" data-id=\"75cb970c\" data-element_type=\"widget\" data-e-type=\"widget\" data-settings=\"{&quot;_animation&quot;:&quot;fadeInRight&quot;}\" data-widget_type=\"text-editor.default\">\n\t\t\t\t\t\t\t\t\t<p><strong>Transformaci\u00f3n personal y posicionamiento profesional a trav\u00e9s de libros y m\u00e9todo.<\/strong><\/p><p class=\"p1\"><strong>Algo est\u00e1 tomando forma.<\/strong><\/p><p class=\"p1\"><strong>Durante los \u00faltimos meses he estado trabajando en una idea que naci\u00f3 despu\u00e9s de escribir y publicar mi propio libro.<\/strong><\/p><p class=\"p1\"><strong>Un m\u00e9todo pensado para profesionales \u2014coaches, terapeutas, psic\u00f3logos, consultores y especialistas\u2014<\/strong> <strong>que sienten que su conocimiento merece convertirse en algo m\u00e1s grande, en un legado y ser un referente en su nicho.<\/strong><\/p><p class=\"p1\"><strong>Ayudar\u00e9 a los profesionales a crear piezas claves dentro de su carrera profesional y hacerlos brillar.<\/strong><\/p><p class=\"p1\"><strong>M\u00e9todo Referente nace de esa idea.<\/strong><\/p>\t\t\t\t\t\t\t\t<\/div>\n\t\t\t\t<div class=\"elementor-element elementor-element-70cdcbdc animated-slow elementor-invisible elementor-widget elementor-widget-button\" data-id=\"70cdcbdc\" data-element_type=\"widget\" data-e-type=\"widget\" data-settings=\"{&quot;_animation&quot;:&quot;fadeInRight&quot;}\" data-widget_type=\"button.default\">\n\t\t\t\t\t\t\t\t\t\t<a class=\"elementor-button elementor-button-link elementor-size-sm\" href=\"https:\/\/jaguartserenity.com\/es\/noticias-metodo-referente\/\">\n\t\t\t\t\t\t<span class=\"elementor-button-content-wrapper\">\n\t\t\t\t\t\t\t\t\t<span class=\"elementor-button-text\">Quiero saber cuando se abra<\/span>\n\t\t\t\t\t<\/span>\n\t\t\t\t\t<\/a>\n\t\t\t\t\t\t\t\t<\/div>\n\t\t\t\t<div class=\"elementor-element elementor-element-b8b3126 animated-slow elementor-invisible elementor-widget elementor-widget-button\" data-id=\"b8b3126\" data-element_type=\"widget\" data-e-type=\"widget\" data-settings=\"{&quot;_animation&quot;:&quot;fadeInRight&quot;}\" data-widget_type=\"button.default\">\n\t\t\t\t\t\t\t\t\t\t<a class=\"elementor-button elementor-button-link elementor-size-sm\" href=\"https:\/\/jaguartserenity.com\/es\/lista-de-espera-metodo-referente\/\">\n\t\t\t\t\t\t<span class=\"elementor-button-content-wrapper\">\n\t\t\t\t\t\t\t\t\t<span class=\"elementor-button-text\">Quiero apuntarme a la lista de espera<\/span>\n\t\t\t\t\t<\/span>\n\t\t\t\t\t<\/a>\n\t\t\t\t\t\t\t\t<\/div>\n\t\t\t\t\t<\/div>\n\t\t<\/div>\n\t\t\t\t<div class=\"elementor-column elementor-col-50 elementor-top-column elementor-element elementor-element-75b53f05\" data-id=\"75b53f05\" data-element_type=\"column\" data-e-type=\"column\" data-settings=\"{&quot;background_background&quot;:&quot;classic&quot;,&quot;animation&quot;:&quot;none&quot;}\">\n\t\t\t<div class=\"elementor-widget-wrap\">\n\t\t\t\t\t<div class=\"elementor-background-overlay\"><\/div>\n\t\t\t\t\t\t\t<\/div>\n\t\t<\/div>\n\t\t\t\t\t<\/div>\n\t\t<\/section>\n\t\t\t\t<section class=\"elementor-section elementor-top-section elementor-element elementor-element-63b8bda1 elementor-section-boxed elementor-section-height-default elementor-section-height-default\" data-id=\"63b8bda1\" data-element_type=\"section\" data-e-type=\"section\" data-settings=\"{&quot;background_background&quot;:&quot;classic&quot;}\">\n\t\t\t\t\t\t\t<div class=\"elementor-background-overlay\"><\/div>\n\t\t\t\t\t\t\t<div class=\"elementor-container elementor-column-gap-default\">\n\t\t\t\t\t<div class=\"elementor-column elementor-col-100 elementor-top-column elementor-element elementor-element-52de7c90\" data-id=\"52de7c90\" data-element_type=\"column\" data-e-type=\"column\">\n\t\t\t<div class=\"elementor-widget-wrap elementor-element-populated\">\n\t\t\t\t\t\t<div class=\"elementor-element elementor-element-48e96cca animated-slow elementor-invisible elementor-widget elementor-widget-jkit_heading\" data-id=\"48e96cca\" data-element_type=\"widget\" data-e-type=\"widget\" data-settings=\"{&quot;_animation&quot;:&quot;fadeInUp&quot;}\" data-widget_type=\"jkit_heading.default\">\n\t\t\t\t\t<div  class=\"jeg-elementor-kit jkit-heading  align-center align-tablet- align-mobile- jeg_module___69eb764fb78ad\" ><div class=\"heading-section-title  display-inline-block\"><h2 class=\"heading-title\">Ll\u00e9vate un recordatorio<\/h2><\/div><\/div>\t\t\t\t<\/div>\n\t\t\t\t<div class=\"elementor-element elementor-element-682783c5 animated-slow elementor-invisible elementor-widget elementor-widget-text-editor\" data-id=\"682783c5\" data-element_type=\"widget\" data-e-type=\"widget\" data-settings=\"{&quot;_animation&quot;:&quot;fadeInUp&quot;,&quot;_animation_delay&quot;:&quot;100&quot;}\" data-widget_type=\"text-editor.default\">\n\t\t\t\t\t\t\t\t\t<p class=\"p1\">A veces todo empieza con una frase que te devuelve claridad.<\/p><p class=\"p1\"><strong>Descarga gratis una colecci\u00f3n de fondos dise\u00f1ados para acompa\u00f1ar momentos de reflexi\u00f3n, decisiones importantes o nuevos comienzos.<\/strong><\/p><p class=\"p1\">Palabras que sostienen.<\/p><p class=\"p1\">Ideas que despiertan.<\/p><p class=\"p1\">Un peque\u00f1o recordatorio cada vez que desbloquees tu pantalla.<\/p>\t\t\t\t\t\t\t\t<\/div>\n\t\t\t\t<div class=\"elementor-element elementor-element-3a1d0b3a elementor-align-center animated-slow elementor-invisible elementor-widget elementor-widget-button\" data-id=\"3a1d0b3a\" data-element_type=\"widget\" data-e-type=\"widget\" data-settings=\"{&quot;_animation&quot;:&quot;fadeInUp&quot;,&quot;_animation_delay&quot;:&quot;200&quot;}\" data-widget_type=\"button.default\">\n\t\t\t\t\t\t\t\t\t\t<a class=\"elementor-button elementor-button-link elementor-size-sm\" href=\"https:\/\/jaguartserenity.com\/es\/descarga-lead-magnet-voz-que-abraza\/\">\n\t\t\t\t\t\t<span class=\"elementor-button-content-wrapper\">\n\t\t\t\t\t\t\t\t\t<span class=\"elementor-button-text\">S\u00ed, los quiero<\/span>\n\t\t\t\t\t<\/span>\n\t\t\t\t\t<\/a>\n\t\t\t\t\t\t\t\t<\/div>\n\t\t\t\t\t<\/div>\n\t\t<\/div>\n\t\t\t\t\t<\/div>\n\t\t<\/section>\n\t\t\t\t<\/div>\n\t\t","protected":false},"excerpt":{"rendered":"<p>M\u00c9TODO REFERENTE Transformaci\u00f3n personal y posicionamiento profesional a trav\u00e9s de libros y m\u00e9todo. Algo est\u00e1 tomando forma. Durante los \u00faltimos meses he estado trabajando en una idea que naci\u00f3 despu\u00e9s de escribir y publicar mi propio libro. Un m\u00e9todo pensado para profesionales \u2014coaches, terapeutas, psic\u00f3logos, consultores y especialistas\u2014 que sienten que su conocimiento merece convertirse [&hellip;]<\/p>\n","protected":false},"author":1,"featured_media":0,"parent":0,"menu_order":0,"comment_status":"closed","ping_status":"closed","template":"elementor_header_footer","meta":{"footnotes":""},"class_list":["post-1675","page","type-page","status-publish","hentry"],"yoast_head":"<!-- This site is optimized with the Yoast SEO plugin v27.4 - https:\/\/yoast.com\/product\/yoast-seo-wordpress\/ -->\n<title>Jaguart Serenity<\/title>\n<meta name=\"description\" content=\"Una gu\u00eda emocional, espiritual y psicol\u00f3gica para mujeres que ya no quieren simplemente sobrevivir al dolor, sino transformarlo en poder.\" \/>\n<meta name=\"robots\" content=\"index, follow, max-snippet:-1, max-image-preview:large, max-video-preview:-1\" \/>\n<link rel=\"canonical\" href=\"https:\/\/jaguartserenity.com\/es\/metodo-referente\/\" \/>\n<meta property=\"og:locale\" content=\"es_ES\" \/>\n<meta property=\"og:type\" content=\"article\" \/>\n<meta property=\"og:title\" content=\"Jaguart Serenity\" \/>\n<meta property=\"og:description\" content=\"Una gu\u00eda emocional, espiritual y psicol\u00f3gica para mujeres que ya no quieren simplemente sobrevivir al dolor, sino transformarlo en poder.\" \/>\n<meta property=\"og:url\" content=\"https:\/\/jaguartserenity.com\/es\/metodo-referente\/\" \/>\n<meta property=\"article:modified_time\" content=\"2026-03-07T22:47:32+00:00\" \/>\n<meta property=\"og:image\" content=\"https:\/\/jaguartserenity.com\/wp-content\/uploads\/2025\/10\/Ornamen-star-1.png\" \/>\n\t<meta property=\"og:image:width\" content=\"195\" \/>\n\t<meta property=\"og:image:height\" content=\"246\" \/>\n\t<meta property=\"og:image:type\" content=\"image\/png\" \/>\n<meta name=\"twitter:card\" content=\"summary_large_image\" \/>\n<meta name=\"twitter:label1\" content=\"Tiempo de lectura\" \/>\n\t<meta name=\"twitter:data1\" content=\"1 minuto\" \/>\n<script type=\"application\/ld+json\" class=\"yoast-schema-graph\">{\"@context\":\"https:\\\/\\\/schema.org\",\"@graph\":[{\"@type\":\"WebPage\",\"@id\":\"https:\\\/\\\/jaguartserenity.com\\\/es\\\/metodo-referente\\\/\",\"url\":\"https:\\\/\\\/jaguartserenity.com\\\/es\\\/metodo-referente\\\/\",\"name\":\"Jaguart Serenity\",\"isPartOf\":{\"@id\":\"https:\\\/\\\/jaguartserenity.com\\\/es\\\/#website\"},\"primaryImageOfPage\":{\"@id\":\"https:\\\/\\\/jaguartserenity.com\\\/es\\\/metodo-referente\\\/#primaryimage\"},\"image\":{\"@id\":\"https:\\\/\\\/jaguartserenity.com\\\/es\\\/metodo-referente\\\/#primaryimage\"},\"thumbnailUrl\":\"https:\\\/\\\/jaguartserenity.com\\\/wp-content\\\/uploads\\\/2025\\\/10\\\/Ornamen-star-1.png\",\"datePublished\":\"2026-03-07T22:33:18+00:00\",\"dateModified\":\"2026-03-07T22:47:32+00:00\",\"description\":\"Una gu\u00eda emocional, espiritual y psicol\u00f3gica para mujeres que ya no quieren simplemente sobrevivir al dolor, sino transformarlo en poder.\",\"breadcrumb\":{\"@id\":\"https:\\\/\\\/jaguartserenity.com\\\/es\\\/metodo-referente\\\/#breadcrumb\"},\"inLanguage\":\"es\",\"potentialAction\":[{\"@type\":\"ReadAction\",\"target\":[\"https:\\\/\\\/jaguartserenity.com\\\/es\\\/metodo-referente\\\/\"]}]},{\"@type\":\"ImageObject\",\"inLanguage\":\"es\",\"@id\":\"https:\\\/\\\/jaguartserenity.com\\\/es\\\/metodo-referente\\\/#primaryimage\",\"url\":\"https:\\\/\\\/jaguartserenity.com\\\/wp-content\\\/uploads\\\/2025\\\/10\\\/Ornamen-star-1.png\",\"contentUrl\":\"https:\\\/\\\/jaguartserenity.com\\\/wp-content\\\/uploads\\\/2025\\\/10\\\/Ornamen-star-1.png\"},{\"@type\":\"BreadcrumbList\",\"@id\":\"https:\\\/\\\/jaguartserenity.com\\\/es\\\/metodo-referente\\\/#breadcrumb\",\"itemListElement\":[{\"@type\":\"ListItem\",\"position\":1,\"name\":\"Portada\",\"item\":\"https:\\\/\\\/jaguartserenity.com\\\/es\\\/\"},{\"@type\":\"ListItem\",\"position\":2,\"name\":\"M\u00e9todo Referente\"}]},{\"@type\":\"WebSite\",\"@id\":\"https:\\\/\\\/jaguartserenity.com\\\/es\\\/#website\",\"url\":\"https:\\\/\\\/jaguartserenity.com\\\/es\\\/\",\"name\":\"\",\"description\":\"\",\"potentialAction\":[{\"@type\":\"SearchAction\",\"target\":{\"@type\":\"EntryPoint\",\"urlTemplate\":\"https:\\\/\\\/jaguartserenity.com\\\/es\\\/?s={search_term_string}\"},\"query-input\":{\"@type\":\"PropertyValueSpecification\",\"valueRequired\":true,\"valueName\":\"search_term_string\"}}],\"inLanguage\":\"es\"}]}<\/script>\n<!-- \/ Yoast SEO plugin. -->","yoast_head_json":{"title":"Jaguart Serenity","description":"Una gu\u00eda emocional, espiritual y psicol\u00f3gica para mujeres que ya no quieren simplemente sobrevivir al dolor, sino transformarlo en poder.","robots":{"index":"index","follow":"follow","max-snippet":"max-snippet:-1","max-image-preview":"max-image-preview:large","max-video-preview":"max-video-preview:-1"},"canonical":"https:\/\/jaguartserenity.com\/es\/metodo-referente\/","og_locale":"es_ES","og_type":"article","og_title":"Jaguart Serenity","og_description":"Una gu\u00eda emocional, espiritual y psicol\u00f3gica para mujeres que ya no quieren simplemente sobrevivir al dolor, sino transformarlo en poder.","og_url":"https:\/\/jaguartserenity.com\/es\/metodo-referente\/","article_modified_time":"2026-03-07T22:47:32+00:00","og_image":[{"width":195,"height":246,"url":"https:\/\/jaguartserenity.com\/wp-content\/uploads\/2025\/10\/Ornamen-star-1.png","type":"image\/png"}],"twitter_card":"summary_large_image","twitter_misc":{"Tiempo de lectura":"1 minuto"},"schema":{"@context":"https:\/\/schema.org","@graph":[{"@type":"WebPage","@id":"https:\/\/jaguartserenity.com\/es\/metodo-referente\/","url":"https:\/\/jaguartserenity.com\/es\/metodo-referente\/","name":"Jaguart Serenity","isPartOf":{"@id":"https:\/\/jaguartserenity.com\/es\/#website"},"primaryImageOfPage":{"@id":"https:\/\/jaguartserenity.com\/es\/metodo-referente\/#primaryimage"},"image":{"@id":"https:\/\/jaguartserenity.com\/es\/metodo-referente\/#primaryimage"},"thumbnailUrl":"https:\/\/jaguartserenity.com\/wp-content\/uploads\/2025\/10\/Ornamen-star-1.png","datePublished":"2026-03-07T22:33:18+00:00","dateModified":"2026-03-07T22:47:32+00:00","description":"Una gu\u00eda emocional, espiritual y psicol\u00f3gica para mujeres que ya no quieren simplemente sobrevivir al dolor, sino transformarlo en poder.","breadcrumb":{"@id":"https:\/\/jaguartserenity.com\/es\/metodo-referente\/#breadcrumb"},"inLanguage":"es","potentialAction":[{"@type":"ReadAction","target":["https:\/\/jaguartserenity.com\/es\/metodo-referente\/"]}]},{"@type":"ImageObject","inLanguage":"es","@id":"https:\/\/jaguartserenity.com\/es\/metodo-referente\/#primaryimage","url":"https:\/\/jaguartserenity.com\/wp-content\/uploads\/2025\/10\/Ornamen-star-1.png","contentUrl":"https:\/\/jaguartserenity.com\/wp-content\/uploads\/2025\/10\/Ornamen-star-1.png"},{"@type":"BreadcrumbList","@id":"https:\/\/jaguartserenity.com\/es\/metodo-referente\/#breadcrumb","itemListElement":[{"@type":"ListItem","position":1,"name":"Portada","item":"https:\/\/jaguartserenity.com\/es\/"},{"@type":"ListItem","position":2,"name":"M\u00e9todo Referente"}]},{"@type":"WebSite","@id":"https:\/\/jaguartserenity.com\/es\/#website","url":"https:\/\/jaguartserenity.com\/es\/","name":"","description":"","potentialAction":[{"@type":"SearchAction","target":{"@type":"EntryPoint","urlTemplate":"https:\/\/jaguartserenity.com\/es\/?s={search_term_string}"},"query-input":{"@type":"PropertyValueSpecification","valueRequired":true,"valueName":"search_term_string"}}],"inLanguage":"es"}]}},"_links":{"self":[{"href":"https:\/\/jaguartserenity.com\/es\/wp-json\/wp\/v2\/pages\/1675","targetHints":{"allow":["GET"]}}],"collection":[{"href":"https:\/\/jaguartserenity.com\/es\/wp-json\/wp\/v2\/pages"}],"about":[{"href":"https:\/\/jaguartserenity.com\/es\/wp-json\/wp\/v2\/types\/page"}],"author":[{"embeddable":true,"href":"https:\/\/jaguartserenity.com\/es\/wp-json\/wp\/v2\/users\/1"}],"replies":[{"embeddable":true,"href":"https:\/\/jaguartserenity.com\/es\/wp-json\/wp\/v2\/comments?post=1675"}],"version-history":[{"count":11,"href":"https:\/\/jaguartserenity.com\/es\/wp-json\/wp\/v2\/pages\/1675\/revisions"}],"predecessor-version":[{"id":1710,"href":"https:\/\/jaguartserenity.com\/es\/wp-json\/wp\/v2\/pages\/1675\/revisions\/1710"}],"wp:attachment":[{"href":"https:\/\/jaguartserenity.com\/es\/wp-json\/wp\/v2\/media?parent=1675"}],"curies":[{"name":"wp","href":"https:\/\/api.w.org\/{rel}","templated":true}]}}